{"id":2069,"date":"2020-09-30T16:30:38","date_gmt":"2020-09-30T16:30:38","guid":{"rendered":"http:\/\/b8xn3ry.myraidbox.de\/?page_id=2069"},"modified":"2025-07-02T13:31:31","modified_gmt":"2025-07-02T13:31:31","slug":"news","status":"publish","type":"page","link":"https:\/\/www.breastetics-brustvergroesserung.de\/en\/news\/","title":{"rendered":"News"},"content":{"rendered":"\t\t<div data-elementor-type=\"wp-page\" data-elementor-id=\"2069\" class=\"elementor elementor-2069 elementor-1041\">\n\t\t\t\t\t\t<section class=\"elementor-section elementor-top-section elementor-element elementor-element-3bb1fc0a elementor-section-stretched elementor-section-boxed elementor-section-height-default elementor-section-height-default\" data-id=\"3bb1fc0a\" data-element_type=\"section\" data-e-type=\"section\" data-settings=\"{&quot;stretch_section&quot;:&quot;section-stretched&quot;,&quot;background_background&quot;:&quot;classic&quot;}\">\n\t\t\t\t\t\t<div class=\"elementor-container elementor-column-gap-wider\">\n\t\t\t\t\t<div class=\"elementor-column elementor-col-50 elementor-top-column elementor-element elementor-element-6f976f9d\" data-id=\"6f976f9d\" data-element_type=\"column\" data-e-type=\"column\" data-settings=\"{&quot;background_background&quot;:&quot;classic&quot;}\">\n\t\t\t<div class=\"elementor-widget-wrap elementor-element-populated\">\n\t\t\t\t\t\t<div class=\"elementor-element elementor-element-cb59ad7 elementor-widget elementor-widget-text-editor\" data-id=\"cb59ad7\" data-element_type=\"widget\" data-e-type=\"widget\" data-widget_type=\"text-editor.default\">\n\t\t\t\t\t\t\t\t\t<h1><span class=\"hspancolor\">BREASTetics<\/span> News<\/h1>\n<div>\n<p class=\"MsoNormal\"><em>\u201eLesen Sie in unserem BREASTetics News-Feed spannende Beitr\u00e4ge und Neuigkeiten rund um das Thema <a title=\"Brust OP M\u00fcnchen\" href=\"https:\/\/www.breastetics-brustvergroesserung.de\/\">Brust OP in M\u00fcnchen<\/a>.\u201c<\/em><\/p>\n\n<\/div>\t\t\t\t\t\t\t\t<\/div>\n\t\t\t\t\t<\/div>\n\t\t<\/div>\n\t\t\t\t<div class=\"elementor-column elementor-col-50 elementor-top-column elementor-element elementor-element-38b5a824\" data-id=\"38b5a824\" data-element_type=\"column\" data-e-type=\"column\">\n\t\t\t<div class=\"elementor-widget-wrap\">\n\t\t\t\t\t\t\t<\/div>\n\t\t<\/div>\n\t\t\t\t\t<\/div>\n\t\t<\/section>\n\t\t\t\t<section class=\"elementor-section elementor-top-section elementor-element elementor-element-649bda39 elementor-section-stretched elementor-section-boxed elementor-section-height-default elementor-section-height-default\" data-id=\"649bda39\" data-element_type=\"section\" data-e-type=\"section\" data-settings=\"{&quot;stretch_section&quot;:&quot;section-stretched&quot;,&quot;background_background&quot;:&quot;classic&quot;}\">\n\t\t\t\t\t\t<div class=\"elementor-container elementor-column-gap-wider\">\n\t\t\t\t\t<div class=\"elementor-column elementor-col-100 elementor-top-column elementor-element elementor-element-3b492cdf\" data-id=\"3b492cdf\" data-element_type=\"column\" data-e-type=\"column\">\n\t\t\t<div class=\"elementor-widget-wrap elementor-element-populated\">\n\t\t\t\t\t\t<div class=\"elementor-element elementor-element-015999e elementor-grid-eael-col-2 elementor-grid-tablet-eael-col-2 elementor-grid-mobile-eael-col-1 elementor-widget elementor-widget-eael-post-grid\" data-id=\"015999e\" data-element_type=\"widget\" data-e-type=\"widget\" data-settings=\"{&quot;eael_post_grid_columns&quot;:&quot;eael-col-2&quot;,&quot;eael_post_grid_columns_tablet&quot;:&quot;eael-col-2&quot;,&quot;eael_post_grid_columns_mobile&quot;:&quot;eael-col-1&quot;}\" data-widget_type=\"eael-post-grid.default\">\n\t\t\t\t\t<div id=\"eael-post-grid-015999e\" class=\"eael-post-grid-container\">\n            <div class=\"eael-post-grid eael-post-appender eael-post-appender-015999e eael-post-grid-style-one\" data-layout-mode=\"grid\"><p class=\"no-posts-found\">No posts found!<\/p><\/div>\n            <div class=\"clearfix\"><\/div>\n        <\/div>\t\t\t\t<\/div>\n\t\t\t\t\t<\/div>\n\t\t<\/div>\n\t\t\t\t\t<\/div>\n\t\t<\/section>\n\t\t\t\t<section class=\"elementor-section elementor-top-section elementor-element elementor-element-9be21be elementor-section-stretched rueckruf elementor-section-boxed elementor-section-height-default elementor-section-height-default\" data-id=\"9be21be\" data-element_type=\"section\" data-e-type=\"section\" id=\"rueckruf\" data-settings=\"{&quot;stretch_section&quot;:&quot;section-stretched&quot;,&quot;background_background&quot;:&quot;classic&quot;}\">\n\t\t\t\t\t\t<div class=\"elementor-container elementor-column-gap-wider\">\n\t\t\t\t\t<div class=\"elementor-column elementor-col-100 elementor-top-column elementor-element elementor-element-43c394ff\" data-id=\"43c394ff\" data-element_type=\"column\" data-e-type=\"column\" data-settings=\"{&quot;background_background&quot;:&quot;classic&quot;}\">\n\t\t\t<div class=\"elementor-widget-wrap elementor-element-populated\">\n\t\t\t\t\t\t<div class=\"elementor-element elementor-element-6ca8dba4 anfrageh elementor-widget elementor-widget-text-editor\" data-id=\"6ca8dba4\" data-element_type=\"widget\" data-e-type=\"widget\" id=\"anfrageh\" data-widget_type=\"text-editor.default\">\n\t\t\t\t\t\t\t\t\t<p>R\u00fcckrufservice<\/p>\n\t\t\t\t\t\t\t\t<\/div>\n\t\t\t\t<div class=\"elementor-element elementor-element-1bc03964 premium-cf7-button-fwidth-yes elementor-widget elementor-widget-premium-contact-form\" data-id=\"1bc03964\" data-element_type=\"widget\" data-e-type=\"widget\" data-widget_type=\"premium-contact-form.default\">\n\t\t\t\t\t\r\n\t\t\t\r\n\t\t\t<div class=\"premium-cf7-container\" data-settings=\"{&quot;fields_glass&quot;:&quot;none&quot;,&quot;submit_glass&quot;:&quot;none&quot;}\">\r\n\t\t\t\t\n<div class=\"wpcf7 no-js\" id=\"wpcf7-f3774-o1\" lang=\"de-DE\" dir=\"ltr\" data-wpcf7-id=\"3774\">\n<div class=\"screen-reader-response\"><p role=\"status\" aria-live=\"polite\" aria-atomic=\"true\"><\/p> <ul><\/ul><\/div>\n<form action=\"\/en\/wp-json\/wp\/v2\/pages\/2069#wpcf7-f3774-o1\" method=\"post\" class=\"wpcf7-form init\" aria-label=\"Kontaktformular\" novalidate=\"novalidate\" data-status=\"init\">\n<fieldset class=\"hidden-fields-container\"><input type=\"hidden\" name=\"_wpcf7\" value=\"3774\" \/><input type=\"hidden\" name=\"_wpcf7_version\" value=\"6.1.5\" \/><input type=\"hidden\" name=\"_wpcf7_locale\" value=\"de_DE\" \/><input type=\"hidden\" name=\"_wpcf7_unit_tag\" value=\"wpcf7-f3774-o1\" \/><input type=\"hidden\" name=\"_wpcf7_container_post\" value=\"0\" \/><input type=\"hidden\" name=\"_wpcf7_posted_data_hash\" value=\"\" \/>\n<\/fieldset>\n<p>Nutzen Sie unseren kostenlosen R\u00fcckrufservice - wir freuen uns auf Ihre Anfrage.\n<\/p>\n<div class=\"contactformsection2\">\n\t<div class=\"rowcontactform2\">\n\t\t<p><label><br \/>\n<span class=\"wpcf7-form-control-wrap\" data-name=\"your-name\"><input size=\"40\" maxlength=\"400\" class=\"wpcf7-form-control wpcf7-text wpcf7-validates-as-required\" aria-required=\"true\" aria-invalid=\"false\" placeholder=\"Name *\" value=\"\" type=\"text\" name=\"your-name\" \/><\/span> <\/label>\n\t\t<\/p>\n\t<\/div>\n\t<div class=\"rowcontactform2\">\n\t\t<p><label><br \/>\n<span class=\"wpcf7-form-control-wrap\" data-name=\"tel\"><input size=\"40\" maxlength=\"400\" minlength=\"11\" class=\"wpcf7-form-control wpcf7-tel wpcf7-validates-as-required wpcf7-text wpcf7-validates-as-tel\" aria-required=\"true\" aria-invalid=\"false\" placeholder=\"Telefonnummer *\" value=\"\" type=\"tel\" name=\"tel\" \/><\/span> <\/label>\n\t\t<\/p>\n\t<\/div>\n\t<div class=\"rowcontactform2\">\n\t\t<p><label><br \/>\n<span class=\"wpcf7-form-control-wrap\" data-name=\"erreichbarkeit\"><input size=\"40\" maxlength=\"400\" class=\"wpcf7-form-control wpcf7-text wpcf7-validates-as-required\" aria-required=\"true\" aria-invalid=\"false\" placeholder=\"Am besten erreichbar *\" value=\"\" type=\"text\" name=\"erreichbarkeit\" \/><\/span><\/label>\n\t\t<\/p>\n\t<\/div>\n\t<div class=\"rowcontactform2\">\n\t\t<p><span id=\"wpcf7-69e50d5a7ed5a-wrapper\" class=\"wpcf7-form-control-wrap firma-wrap\" style=\"display:none !important; visibility:hidden !important;\"><label for=\"wpcf7-69e50d5a7ed5a-field\" class=\"hp-message\">Bitte lasse dieses Feld leer.<\/label><input id=\"wpcf7-69e50d5a7ed5a-field\"  class=\"wpcf7-form-control wpcf7-text\" type=\"text\" name=\"firma\" value=\"\" size=\"40\" tabindex=\"-1\" autocomplete=\"new-password\" \/><\/span><br \/>\n<span id=\"wpcf7-69e50d5a7edd1-wrapper\" class=\"wpcf7-form-control-wrap E-Mailadresse-wrap\" style=\"display:none !important; visibility:hidden !important;\"><label for=\"wpcf7-69e50d5a7edd1-field\" class=\"hp-message\">Bitte lasse dieses Feld leer.<\/label><input id=\"wpcf7-69e50d5a7edd1-field\"  class=\"wpcf7-form-control wpcf7-text\" type=\"text\" name=\"E-Mailadresse\" value=\"\" size=\"40\" tabindex=\"-1\" autocomplete=\"new-password\" \/><\/span>\n\t\t<\/p>\n\t\t<p><input class=\"wpcf7-form-control wpcf7-submit has-spinner\" type=\"submit\" value=\"Absenden\" \/>\n\t\t<\/p>\n\t<\/div>\n<\/div><div class=\"wpcf7-response-output\" aria-hidden=\"true\"><\/div>\n<\/form>\n<\/div>\n\t\t\t<\/div>\r\n\r\n\t\t\t\t\t\t\t<\/div>\n\t\t\t\t\t<\/div>\n\t\t<\/div>\n\t\t\t\t\t<\/div>\n\t\t<\/section>\n\t\t\t\t<section class=\"elementor-section elementor-top-section elementor-element elementor-element-3a796d9 elementor-section-stretched elementor-section-boxed elementor-section-height-default elementor-section-height-default\" data-id=\"3a796d9\" data-element_type=\"section\" data-e-type=\"section\" data-settings=\"{&quot;stretch_section&quot;:&quot;section-stretched&quot;,&quot;background_background&quot;:&quot;classic&quot;}\">\n\t\t\t\t\t\t<div class=\"elementor-container elementor-column-gap-default\">\n\t\t\t\t\t<div class=\"elementor-column elementor-col-100 elementor-top-column elementor-element elementor-element-abc8920\" data-id=\"abc8920\" data-element_type=\"column\" data-e-type=\"column\">\n\t\t\t<div class=\"elementor-widget-wrap elementor-element-populated\">\n\t\t\t\t\t\t<div class=\"elementor-element elementor-element-fd2b334 elementor-widget elementor-widget-image\" data-id=\"fd2b334\" data-element_type=\"widget\" data-e-type=\"widget\" data-widget_type=\"image.default\">\n\t\t\t\t\t\t\t\t\t\t\t\t\t\t\t<img fetchpriority=\"high\" decoding=\"async\" width=\"1089\" height=\"75\" src=\"https:\/\/www.breastetics-brustvergroesserung.de\/wp-content\/uploads\/2024\/08\/theresium-logos.webp\" class=\"attachment-full size-full wp-image-7954\" alt=\"Theresium Logos\" srcset=\"https:\/\/www.breastetics-brustvergroesserung.de\/wp-content\/uploads\/2024\/08\/theresium-logos.webp 1089w, https:\/\/www.breastetics-brustvergroesserung.de\/wp-content\/uploads\/2024\/08\/theresium-logos-300x21.webp 300w, https:\/\/www.breastetics-brustvergroesserung.de\/wp-content\/uploads\/2024\/08\/theresium-logos-1024x71.webp 1024w, https:\/\/www.breastetics-brustvergroesserung.de\/wp-content\/uploads\/2024\/08\/theresium-logos-768x53.webp 768w\" sizes=\"(max-width: 1089px) 100vw, 1089px\" title=\"\">\t\t\t\t\t\t\t\t\t\t\t\t\t\t\t<\/div>\n\t\t\t\t\t<\/div>\n\t\t<\/div>\n\t\t\t\t\t<\/div>\n\t\t<\/section>\n\t\t\t\t<\/div>\n\t\t","protected":false},"excerpt":{"rendered":"<p>BREASTetics News \u201eLesen Sie in unserem BREASTetics News-Feed spannende Beitr\u00e4ge und Neuigkeiten rund um das Thema Brust OP in M\u00fcnchen.\u201c K\u00f6rbchengr\u00f6\u00dfe \u2013 welche Gr\u00f6\u00dfe ist die richtige f\u00fcr mich? Ob ein kleines, sportliches A-K\u00f6rbchen, ein etwas volleres B oder ein weibliches, kurvigeres C bis D. Nun fragt man sich: Gibt es denn eigentlich die perfekte &#8230; <a title=\"News\" class=\"read-more\" href=\"https:\/\/www.breastetics-brustvergroesserung.de\/en\/news\/\" aria-label=\"Read more about News\">Read more<\/a><\/p>\n","protected":false},"author":1,"featured_media":0,"parent":0,"menu_order":0,"comment_status":"closed","ping_status":"open","template":"","meta":{"footnotes":""},"class_list":["post-2069","page","type-page","status-publish"],"_links":{"self":[{"href":"https:\/\/www.breastetics-brustvergroesserung.de\/en\/wp-json\/wp\/v2\/pages\/2069","targetHints":{"allow":["GET"]}}],"collection":[{"href":"https:\/\/www.breastetics-brustvergroesserung.de\/en\/wp-json\/wp\/v2\/pages"}],"about":[{"href":"https:\/\/www.breastetics-brustvergroesserung.de\/en\/wp-json\/wp\/v2\/types\/page"}],"author":[{"embeddable":true,"href":"https:\/\/www.breastetics-brustvergroesserung.de\/en\/wp-json\/wp\/v2\/users\/1"}],"replies":[{"embeddable":true,"href":"https:\/\/www.breastetics-brustvergroesserung.de\/en\/wp-json\/wp\/v2\/comments?post=2069"}],"version-history":[{"count":2,"href":"https:\/\/www.breastetics-brustvergroesserung.de\/en\/wp-json\/wp\/v2\/pages\/2069\/revisions"}],"predecessor-version":[{"id":9452,"href":"https:\/\/www.breastetics-brustvergroesserung.de\/en\/wp-json\/wp\/v2\/pages\/2069\/revisions\/9452"}],"wp:attachment":[{"href":"https:\/\/www.breastetics-brustvergroesserung.de\/en\/wp-json\/wp\/v2\/media?parent=2069"}],"curies":[{"name":"wp","href":"https:\/\/api.w.org\/{rel}","templated":true}]}}